{"id":9342,"date":"2023-02-10T19:42:43","date_gmt":"2023-02-10T19:42:43","guid":{"rendered":"https:\/\/steelblue-termite-749601.hostingersite.com\/weblog\/"},"modified":"2025-06-23T12:01:15","modified_gmt":"2025-06-23T12:01:15","slug":"weblog","status":"publish","type":"page","link":"https:\/\/www.financial-fit.de\/de\/weblog\/","title":{"rendered":"Weblog"},"content":{"rendered":"\t\t<div data-elementor-type=\"wp-post\" data-elementor-id=\"9342\" class=\"elementor elementor-9342 elementor-3702\" data-elementor-post-type=\"page\">\n\t\t\t\t<div class=\"elementor-element elementor-element-53f4204 e-flex e-con-boxed e-con e-parent\" data-id=\"53f4204\" data-element_type=\"container\" data-settings=\"{&quot;background_background&quot;:&quot;classic&quot;}\">\n\t\t\t\t\t<div class=\"e-con-inner\">\n\t\t\t\t<div class=\"elementor-element elementor-element-9423aa6 elementor-widget__width-initial elementor-widget-mobile__width-inherit elementor-invisible elementor-widget elementor-widget-text-editor\" data-id=\"9423aa6\" data-element_type=\"widget\" data-settings=\"{&quot;_animation&quot;:&quot;fadeInUp&quot;,&quot;_animation_delay&quot;:400}\" data-widget_type=\"text-editor.default\">\n\t\t\t\t<div class=\"elementor-widget-container\">\n\t\t\t\t\t\t\t\t\t<p>Erforschen Sie unsere Artikel und finden Sie hilfreiche Ressourcen, um Ihre Zukunft mit den besten, auf Ihre Bed\u00fcrfnisse zugeschnittenen Versicherungsoptionen abzusichern.<\/p>\t\t\t\t\t\t\t\t<\/div>\n\t\t\t\t<\/div>\n\t\t\t\t\t<\/div>\n\t\t\t\t<\/div>\n\t\t<div class=\"elementor-element elementor-element-7dced43 e-flex e-con-boxed e-con e-parent\" data-id=\"7dced43\" data-element_type=\"container\">\n\t\t\t\t\t<div class=\"e-con-inner\">\n\t\t\t\t<div class=\"elementor-element elementor-element-66dba90 elementor-widget__width-inherit elementor-widget elementor-widget-jet-listing-grid\" data-id=\"66dba90\" data-element_type=\"widget\" data-settings=\"{&quot;columns&quot;:3,&quot;columns_tablet&quot;:&quot;2&quot;,&quot;columns_mobile&quot;:&quot;1&quot;}\" data-widget_type=\"jet-listing-grid.default\">\n\t\t\t\t<div class=\"elementor-widget-container\">\n\t\t\t\t\t<div class=\"jet-listing-grid jet-listing\"><div class=\"jet-listing-not-found jet-listing-grid__items\" data-nav=\"{&quot;enabled&quot;:false,&quot;type&quot;:null,&quot;more_el&quot;:null,&quot;query&quot;:[],&quot;widget_settings&quot;:{&quot;lisitng_id&quot;:3674,&quot;posts_num&quot;:60,&quot;columns&quot;:3,&quot;columns_tablet&quot;:2,&quot;columns_mobile&quot;:1,&quot;column_min_width&quot;:240,&quot;column_min_width_tablet&quot;:240,&quot;column_min_width_mobile&quot;:240,&quot;inline_columns_css&quot;:false,&quot;is_archive_template&quot;:&quot;&quot;,&quot;post_status&quot;:[&quot;publish&quot;],&quot;use_random_posts_num&quot;:&quot;&quot;,&quot;max_posts_num&quot;:9,&quot;not_found_message&quot;:&quot;Es wurden keine Daten gefunden&quot;,&quot;is_masonry&quot;:false,&quot;equal_columns_height&quot;:&quot;yes&quot;,&quot;use_load_more&quot;:&quot;&quot;,&quot;load_more_id&quot;:&quot;&quot;,&quot;load_more_type&quot;:&quot;click&quot;,&quot;load_more_offset&quot;:{&quot;unit&quot;:&quot;px&quot;,&quot;size&quot;:0,&quot;sizes&quot;:[]},&quot;use_custom_post_types&quot;:&quot;&quot;,&quot;custom_post_types&quot;:[],&quot;hide_widget_if&quot;:&quot;&quot;,&quot;carousel_enabled&quot;:&quot;&quot;,&quot;slides_to_scroll&quot;:&quot;1&quot;,&quot;arrows&quot;:&quot;true&quot;,&quot;arrow_icon&quot;:&quot;fa fa-angle-left&quot;,&quot;dots&quot;:&quot;&quot;,&quot;autoplay&quot;:&quot;true&quot;,&quot;pause_on_hover&quot;:&quot;true&quot;,&quot;autoplay_speed&quot;:5000,&quot;infinite&quot;:&quot;true&quot;,&quot;center_mode&quot;:&quot;&quot;,&quot;effect&quot;:&quot;slide&quot;,&quot;speed&quot;:500,&quot;inject_alternative_items&quot;:&quot;&quot;,&quot;injection_items&quot;:[],&quot;scroll_slider_enabled&quot;:&quot;&quot;,&quot;scroll_slider_on&quot;:[&quot;desktop&quot;,&quot;tablet&quot;,&quot;mobile&quot;],&quot;custom_query&quot;:false,&quot;custom_query_id&quot;:&quot;&quot;,&quot;_element_id&quot;:&quot;&quot;,&quot;collapse_first_last_gap&quot;:&quot;true&quot;,&quot;list_tag_selection&quot;:&quot;&quot;,&quot;list_items_wrapper_tag&quot;:&quot;div&quot;,&quot;list_item_tag&quot;:&quot;div&quot;,&quot;empty_items_wrapper_tag&quot;:&quot;div&quot;}}\" data-listing-source=\"posts\" data-listing-id=\"3674\" data-query-id=\"\" data-queried-id=\"9342|WP_Post\">Es wurden keine Daten gefunden<\/div><\/div>\t\t\t\t<\/div>\n\t\t\t\t<\/div>\n\t\t\t\t\t<\/div>\n\t\t\t\t<\/div>\n\t\t\t\t<\/div>\n\t\t","protected":false},"excerpt":{"rendered":"<p>Erforschen Sie unsere Artikel und finden Sie hilfreiche Ressourcen, um Ihre Zukunft mit den besten, auf Ihre Bed\u00fcrfnisse zugeschnittenen Versicherungsoptionen abzusichern. Es wurden keine Daten gefunden<\/p>\n","protected":false},"author":15,"featured_media":9060,"parent":0,"menu_order":0,"comment_status":"closed","ping_status":"closed","template":"elementor_header_footer","meta":{"site-sidebar-layout":"no-sidebar","site-content-layout":"page-builder","ast-site-content-layout":"full-width-container","site-content-style":"unboxed","site-sidebar-style":"unboxed","ast-global-header-display":"","ast-banner-title-visibility":"","ast-main-header-display":"","ast-hfb-above-header-display":"","ast-hfb-below-header-display":"","ast-hfb-mobile-header-display":"","site-post-title":"disabled","ast-breadcrumbs-content":"","ast-featured-img":"disabled","footer-sml-layout":"","theme-transparent-header-meta":"enabled","adv-header-id-meta":"","stick-header-meta":"","header-above-stick-meta":"","header-main-stick-meta":"","header-below-stick-meta":"","astra-migrate-meta-layouts":"default","ast-page-background-enabled":"default","ast-page-background-meta":{"desktop":{"background-color":"","background-image":"","background-repeat":"repeat","background-position":"center center","background-size":"auto","background-attachment":"scroll","background-type":"","background-media":"","overlay-type":"","overlay-color":"","overlay-opacity":"","overlay-gradient":""},"tablet":{"background-color":"","background-image":"","background-repeat":"repeat","background-position":"center center","background-size":"auto","background-attachment":"scroll","background-type":"","background-media":"","overlay-type":"","overlay-color":"","overlay-opacity":"","overlay-gradient":""},"mobile":{"background-color":"","background-image":"","background-repeat":"repeat","background-position":"center center","background-size":"auto","background-attachment":"scroll","background-type":"","background-media":"","overlay-type":"","overlay-color":"","overlay-opacity":"","overlay-gradient":""}},"ast-content-background-meta":{"desktop":{"background-color":"var(--ast-global-color-5)","background-image":"","background-repeat":"repeat","background-position":"center center","background-size":"auto","background-attachment":"scroll","background-type":"","background-media":"","overlay-type":"","overlay-color":"","overlay-opacity":"","overlay-gradient":""},"tablet":{"background-color":"var(--ast-global-color-5)","background-image":"","background-repeat":"repeat","background-position":"center center","background-size":"auto","background-attachment":"scroll","background-type":"","background-media":"","overlay-type":"","overlay-color":"","overlay-opacity":"","overlay-gradient":""},"mobile":{"background-color":"var(--ast-global-color-5)","background-image":"","background-repeat":"repeat","background-position":"center center","background-size":"auto","background-attachment":"scroll","background-type":"","background-media":"","overlay-type":"","overlay-color":"","overlay-opacity":"","overlay-gradient":""}},"footnotes":""},"class_list":["post-9342","page","type-page","status-publish","has-post-thumbnail","hentry"],"yoast_head":"<!-- This site is optimized with the Yoast SEO plugin v26.4 - https:\/\/yoast.com\/wordpress\/plugins\/seo\/ -->\n<title>Expat Finanz-Blog: Tipps Ratschl\u00e4ge<\/title>\n<meta name=\"description\" content=\"Experten-Tipps f\u00fcr Ausl\u00e4nder in Deutschland zu Finanzen und Versicherungen.\" \/>\n<meta name=\"robots\" content=\"index, follow, max-snippet:-1, max-image-preview:large, max-video-preview:-1\" \/>\n<link rel=\"canonical\" href=\"https:\/\/www.financial-fit.de\/de\/weblog\/\" \/>\n<meta property=\"og:locale\" content=\"de_DE\" \/>\n<meta property=\"og:type\" content=\"article\" \/>\n<meta property=\"og:title\" content=\"Expat Finanz-Blog: Tipps Ratschl\u00e4ge\" \/>\n<meta property=\"og:description\" content=\"Experten-Tipps f\u00fcr Ausl\u00e4nder in Deutschland zu Finanzen und Versicherungen.\" \/>\n<meta property=\"og:url\" content=\"https:\/\/www.financial-fit.de\/de\/weblog\/\" \/>\n<meta property=\"og:site_name\" content=\"Versicherungsmakler in Hamburg I Oliver Rinc\" \/>\n<meta property=\"article:modified_time\" content=\"2025-06-23T12:01:15+00:00\" \/>\n<meta property=\"og:image\" content=\"https:\/\/www.financial-fit.de\/wp-content\/uploads\/2024\/12\/shutterstock_2049364442.webp\" \/>\n\t<meta property=\"og:image:width\" content=\"1920\" \/>\n\t<meta property=\"og:image:height\" content=\"1280\" \/>\n\t<meta property=\"og:image:type\" content=\"image\/webp\" \/>\n<meta name=\"twitter:card\" content=\"summary_large_image\" \/>\n<script type=\"application\/ld+json\" class=\"yoast-schema-graph\">{\"@context\":\"https:\/\/schema.org\",\"@graph\":[{\"@type\":\"WebPage\",\"@id\":\"https:\/\/www.financial-fit.de\/de\/weblog\/\",\"url\":\"https:\/\/www.financial-fit.de\/de\/weblog\/\",\"name\":\"Expat Finanz-Blog: Tipps Ratschl\u00e4ge\",\"isPartOf\":{\"@id\":\"https:\/\/www.financial-fit.de\/de\/#website\"},\"primaryImageOfPage\":{\"@id\":\"https:\/\/www.financial-fit.de\/de\/weblog\/#primaryimage\"},\"image\":{\"@id\":\"https:\/\/www.financial-fit.de\/de\/weblog\/#primaryimage\"},\"thumbnailUrl\":\"https:\/\/www.financial-fit.de\/wp-content\/uploads\/2024\/12\/shutterstock_2049364442.webp\",\"datePublished\":\"2023-02-10T19:42:43+00:00\",\"dateModified\":\"2025-06-23T12:01:15+00:00\",\"description\":\"Experten-Tipps f\u00fcr Ausl\u00e4nder in Deutschland zu Finanzen und Versicherungen.\",\"breadcrumb\":{\"@id\":\"https:\/\/www.financial-fit.de\/de\/weblog\/#breadcrumb\"},\"inLanguage\":\"de\",\"potentialAction\":[{\"@type\":\"ReadAction\",\"target\":[\"https:\/\/www.financial-fit.de\/de\/weblog\/\"]}]},{\"@type\":\"ImageObject\",\"inLanguage\":\"de\",\"@id\":\"https:\/\/www.financial-fit.de\/de\/weblog\/#primaryimage\",\"url\":\"https:\/\/www.financial-fit.de\/wp-content\/uploads\/2024\/12\/shutterstock_2049364442.webp\",\"contentUrl\":\"https:\/\/www.financial-fit.de\/wp-content\/uploads\/2024\/12\/shutterstock_2049364442.webp\",\"width\":1920,\"height\":1280},{\"@type\":\"BreadcrumbList\",\"@id\":\"https:\/\/www.financial-fit.de\/de\/weblog\/#breadcrumb\",\"itemListElement\":[{\"@type\":\"ListItem\",\"position\":1,\"name\":\"Home\",\"item\":\"https:\/\/steelblue-termite-749601.hostingersite.com\/de\/\"},{\"@type\":\"ListItem\",\"position\":2,\"name\":\"Weblog\"}]},{\"@type\":\"WebSite\",\"@id\":\"https:\/\/www.financial-fit.de\/de\/#website\",\"url\":\"https:\/\/www.financial-fit.de\/de\/\",\"name\":\"Versicherungsmakler in Hamburg I Oliver Rinc\",\"description\":\"Dein Partner f\u00fcr Versicherungen aus Hamburg\",\"potentialAction\":[{\"@type\":\"SearchAction\",\"target\":{\"@type\":\"EntryPoint\",\"urlTemplate\":\"https:\/\/www.financial-fit.de\/de\/?s={search_term_string}\"},\"query-input\":{\"@type\":\"PropertyValueSpecification\",\"valueRequired\":true,\"valueName\":\"search_term_string\"}}],\"inLanguage\":\"de\"}]}<\/script>\n<!-- \/ Yoast SEO plugin. -->","yoast_head_json":{"title":"Expat Finanz-Blog: Tipps Ratschl\u00e4ge","description":"Experten-Tipps f\u00fcr Ausl\u00e4nder in Deutschland zu Finanzen und Versicherungen.","robots":{"index":"index","follow":"follow","max-snippet":"max-snippet:-1","max-image-preview":"max-image-preview:large","max-video-preview":"max-video-preview:-1"},"canonical":"https:\/\/www.financial-fit.de\/de\/weblog\/","og_locale":"de_DE","og_type":"article","og_title":"Expat Finanz-Blog: Tipps Ratschl\u00e4ge","og_description":"Experten-Tipps f\u00fcr Ausl\u00e4nder in Deutschland zu Finanzen und Versicherungen.","og_url":"https:\/\/www.financial-fit.de\/de\/weblog\/","og_site_name":"Versicherungsmakler in Hamburg I Oliver Rinc","article_modified_time":"2025-06-23T12:01:15+00:00","og_image":[{"width":1920,"height":1280,"url":"https:\/\/www.financial-fit.de\/wp-content\/uploads\/2024\/12\/shutterstock_2049364442.webp","type":"image\/webp"}],"twitter_card":"summary_large_image","schema":{"@context":"https:\/\/schema.org","@graph":[{"@type":"WebPage","@id":"https:\/\/www.financial-fit.de\/de\/weblog\/","url":"https:\/\/www.financial-fit.de\/de\/weblog\/","name":"Expat Finanz-Blog: Tipps Ratschl\u00e4ge","isPartOf":{"@id":"https:\/\/www.financial-fit.de\/de\/#website"},"primaryImageOfPage":{"@id":"https:\/\/www.financial-fit.de\/de\/weblog\/#primaryimage"},"image":{"@id":"https:\/\/www.financial-fit.de\/de\/weblog\/#primaryimage"},"thumbnailUrl":"https:\/\/www.financial-fit.de\/wp-content\/uploads\/2024\/12\/shutterstock_2049364442.webp","datePublished":"2023-02-10T19:42:43+00:00","dateModified":"2025-06-23T12:01:15+00:00","description":"Experten-Tipps f\u00fcr Ausl\u00e4nder in Deutschland zu Finanzen und Versicherungen.","breadcrumb":{"@id":"https:\/\/www.financial-fit.de\/de\/weblog\/#breadcrumb"},"inLanguage":"de","potentialAction":[{"@type":"ReadAction","target":["https:\/\/www.financial-fit.de\/de\/weblog\/"]}]},{"@type":"ImageObject","inLanguage":"de","@id":"https:\/\/www.financial-fit.de\/de\/weblog\/#primaryimage","url":"https:\/\/www.financial-fit.de\/wp-content\/uploads\/2024\/12\/shutterstock_2049364442.webp","contentUrl":"https:\/\/www.financial-fit.de\/wp-content\/uploads\/2024\/12\/shutterstock_2049364442.webp","width":1920,"height":1280},{"@type":"BreadcrumbList","@id":"https:\/\/www.financial-fit.de\/de\/weblog\/#breadcrumb","itemListElement":[{"@type":"ListItem","position":1,"name":"Home","item":"https:\/\/steelblue-termite-749601.hostingersite.com\/de\/"},{"@type":"ListItem","position":2,"name":"Weblog"}]},{"@type":"WebSite","@id":"https:\/\/www.financial-fit.de\/de\/#website","url":"https:\/\/www.financial-fit.de\/de\/","name":"Versicherungsmakler in Hamburg I Oliver Rinc","description":"Dein Partner f\u00fcr Versicherungen aus Hamburg","potentialAction":[{"@type":"SearchAction","target":{"@type":"EntryPoint","urlTemplate":"https:\/\/www.financial-fit.de\/de\/?s={search_term_string}"},"query-input":{"@type":"PropertyValueSpecification","valueRequired":true,"valueName":"search_term_string"}}],"inLanguage":"de"}]}},"_links":{"self":[{"href":"https:\/\/www.financial-fit.de\/de\/wp-json\/wp\/v2\/pages\/9342","targetHints":{"allow":["GET"]}}],"collection":[{"href":"https:\/\/www.financial-fit.de\/de\/wp-json\/wp\/v2\/pages"}],"about":[{"href":"https:\/\/www.financial-fit.de\/de\/wp-json\/wp\/v2\/types\/page"}],"author":[{"embeddable":true,"href":"https:\/\/www.financial-fit.de\/de\/wp-json\/wp\/v2\/users\/15"}],"replies":[{"embeddable":true,"href":"https:\/\/www.financial-fit.de\/de\/wp-json\/wp\/v2\/comments?post=9342"}],"version-history":[{"count":1,"href":"https:\/\/www.financial-fit.de\/de\/wp-json\/wp\/v2\/pages\/9342\/revisions"}],"predecessor-version":[{"id":9343,"href":"https:\/\/www.financial-fit.de\/de\/wp-json\/wp\/v2\/pages\/9342\/revisions\/9343"}],"wp:featuredmedia":[{"embeddable":true,"href":"https:\/\/www.financial-fit.de\/de\/wp-json\/wp\/v2\/media\/9060"}],"wp:attachment":[{"href":"https:\/\/www.financial-fit.de\/de\/wp-json\/wp\/v2\/media?parent=9342"}],"curies":[{"name":"wp","href":"https:\/\/api.w.org\/{rel}","templated":true}]}}