{"id":9329,"date":"2025-02-15T06:32:32","date_gmt":"2025-02-15T06:32:32","guid":{"rendered":"https:\/\/steelblue-termite-749601.hostingersite.com\/zahnversicherung\/"},"modified":"2025-06-23T12:01:18","modified_gmt":"2025-06-23T12:01:18","slug":"zahnversicherung","status":"publish","type":"page","link":"https:\/\/www.financial-fit.de\/de\/produkte\/zahnversicherung\/","title":{"rendered":"Zahnversicherung"},"content":{"rendered":"\t\t<div data-elementor-type=\"wp-page\" data-elementor-id=\"9329\" class=\"elementor elementor-9329 elementor-7109\" data-elementor-post-type=\"page\">\n\t\t\t\t<div class=\"elementor-element elementor-element-57463c52 e-flex e-con-boxed e-con e-parent\" data-id=\"57463c52\" data-element_type=\"container\" data-settings=\"{&quot;background_background&quot;:&quot;classic&quot;}\">\n\t\t\t\t\t<div class=\"e-con-inner\">\n\t\t\t\t<div class=\"elementor-element elementor-element-2575aed9 elementor-invisible elementor-widget elementor-widget-text-editor\" data-id=\"2575aed9\" data-element_type=\"widget\" data-settings=\"{&quot;_animation&quot;:&quot;fadeInUp&quot;,&quot;_animation_delay&quot;:400}\" data-widget_type=\"text-editor.default\">\n\t\t\t\t<div class=\"elementor-widget-container\">\n\t\t\t\t\t\t\t\t\t<p>Rechtsschutzversicherung &#8211; Angebote besser als im Vergleichsportal<\/p>\t\t\t\t\t\t\t\t<\/div>\n\t\t\t\t<\/div>\n\t\t\t\t<div class=\"elementor-element elementor-element-4aa9f2b elementor-mobile-align-center elementor-widget-mobile__width-inherit elementor-align-center elementor-invisible elementor-widget elementor-widget-button\" data-id=\"4aa9f2b\" data-element_type=\"widget\" data-settings=\"{&quot;_animation&quot;:&quot;fadeIn&quot;,&quot;_animation_delay&quot;:800}\" data-widget_type=\"button.default\">\n\t\t\t\t<div class=\"elementor-widget-container\">\n\t\t\t\t\t\t\t\t\t<div class=\"elementor-button-wrapper\">\n\t\t\t\t\t<a class=\"elementor-button elementor-button-link elementor-size-sm elementor-animation-float\" href=\"#start-now\">\n\t\t\t\t\t\t<span class=\"elementor-button-content-wrapper\">\n\t\t\t\t\t\t\t\t\t<span class=\"elementor-button-text\">Beginnen Sie heute f\u00fcr nur \u20ac3,19\/Monat<\/span>\n\t\t\t\t\t<\/span>\n\t\t\t\t\t<\/a>\n\t\t\t\t<\/div>\n\t\t\t\t\t\t\t\t<\/div>\n\t\t\t\t<\/div>\n\t\t\t\t\t<\/div>\n\t\t\t\t<\/div>\n\t\t<div class=\"elementor-element elementor-element-36c700d e-flex e-con-boxed e-con e-parent\" data-id=\"36c700d\" data-element_type=\"container\">\n\t\t\t\t\t<div class=\"e-con-inner\">\n\t\t\t\t<div class=\"elementor-element elementor-element-eb752fb elementor-widget elementor-widget-menu-anchor\" data-id=\"eb752fb\" data-element_type=\"widget\" data-widget_type=\"menu-anchor.default\">\n\t\t\t\t<div class=\"elementor-widget-container\">\n\t\t\t\t\t\t\t<div class=\"elementor-menu-anchor\" id=\"jetzt-beginnen\"><\/div>\n\t\t\t\t\t\t<\/div>\n\t\t\t\t<\/div>\n\t\t\t\t\t<\/div>\n\t\t\t\t<\/div>\n\t\t<div class=\"elementor-element elementor-element-113fef53 e-flex e-con-boxed e-con e-parent\" data-id=\"113fef53\" data-element_type=\"container\">\n\t\t\t\t\t<div class=\"e-con-inner\">\n\t\t<div class=\"elementor-element elementor-element-4811b1f0 e-con-full e-flex elementor-invisible e-con e-child\" data-id=\"4811b1f0\" data-element_type=\"container\" data-settings=\"{&quot;animation&quot;:&quot;fadeInLeft&quot;,&quot;animation_delay&quot;:200}\">\n\t\t\t\t<div class=\"elementor-element elementor-element-6e32d370 elementor-invisible elementor-widget elementor-widget-heading\" data-id=\"6e32d370\" data-element_type=\"widget\" data-settings=\"{&quot;_animation&quot;:&quot;fadeIn&quot;,&quot;_animation_delay&quot;:600}\" data-widget_type=\"heading.default\">\n\t\t\t\t<div class=\"elementor-widget-container\">\n\t\t\t\t\t<h2 class=\"elementor-heading-title elementor-size-default\">Erweitern Sie Ihre gesetzliche Krankenversicherung um einen Zahnschutz, um ein sorgenfreies L\u00e4cheln zu gew\u00e4hrleisten.<\/h2>\t\t\t\t<\/div>\n\t\t\t\t<\/div>\n\t\t\t\t<div class=\"elementor-element elementor-element-aacf536 elementor-widget-tablet__width-inherit elementor-icon-list--layout-traditional elementor-list-item-link-full_width elementor-widget elementor-widget-icon-list\" data-id=\"aacf536\" data-element_type=\"widget\" data-widget_type=\"icon-list.default\">\n\t\t\t\t<div class=\"elementor-widget-container\">\n\t\t\t\t\t\t\t<ul class=\"elementor-icon-list-items\">\n\t\t\t\t\t\t\t<li class=\"elementor-icon-list-item\">\n\t\t\t\t\t\t\t\t\t\t\t<span class=\"elementor-icon-list-icon\">\n\t\t\t\t\t\t\t<i aria-hidden=\"true\" class=\"fas fa-check\"><\/i>\t\t\t\t\t\t<\/span>\n\t\t\t\t\t\t\t\t\t\t<span class=\"elementor-icon-list-text\">100% Abdeckung f\u00fcr Zahnbehandlungen <\/span>\n\t\t\t\t\t\t\t\t\t<\/li>\n\t\t\t\t\t\t\t\t<li class=\"elementor-icon-list-item\">\n\t\t\t\t\t\t\t\t\t\t\t<span class=\"elementor-icon-list-icon\">\n\t\t\t\t\t\t\t<i aria-hidden=\"true\" class=\"fas fa-check\"><\/i>\t\t\t\t\t\t<\/span>\n\t\t\t\t\t\t\t\t\t\t<span class=\"elementor-icon-list-text\">Professionelle Zahnreinigung ab dem ersten Versicherungstag inbegriffen<\/span>\n\t\t\t\t\t\t\t\t\t<\/li>\n\t\t\t\t\t\t\t\t<li class=\"elementor-icon-list-item\">\n\t\t\t\t\t\t\t\t\t\t\t<span class=\"elementor-icon-list-icon\">\n\t\t\t\t\t\t\t<i aria-hidden=\"true\" class=\"fas fa-check\"><\/i>\t\t\t\t\t\t<\/span>\n\t\t\t\t\t\t\t\t\t\t<span class=\"elementor-icon-list-text\">Ausschlie\u00dflich vertrauensw\u00fcrdige Anbieter<\/span>\n\t\t\t\t\t\t\t\t\t<\/li>\n\t\t\t\t\t\t\t\t<li class=\"elementor-icon-list-item\">\n\t\t\t\t\t\t\t\t\t\t\t<span class=\"elementor-icon-list-icon\">\n\t\t\t\t\t\t\t<i aria-hidden=\"true\" class=\"fas fa-check\"><\/i>\t\t\t\t\t\t<\/span>\n\t\t\t\t\t\t\t\t\t\t<span class=\"elementor-icon-list-text\">Buchen Sie selbst<\/span>\n\t\t\t\t\t\t\t\t\t<\/li>\n\t\t\t\t\t\t<\/ul>\n\t\t\t\t\t\t<\/div>\n\t\t\t\t<\/div>\n\t\t\t\t<div class=\"elementor-element elementor-element-e735b7e elementor-mobile-align-left elementor-widget-mobile__width-inherit elementor-invisible elementor-widget elementor-widget-button\" data-id=\"e735b7e\" data-element_type=\"widget\" data-settings=\"{&quot;_animation&quot;:&quot;fadeIn&quot;,&quot;_animation_delay&quot;:300}\" data-widget_type=\"button.default\">\n\t\t\t\t<div class=\"elementor-widget-container\">\n\t\t\t\t\t\t\t\t\t<div class=\"elementor-button-wrapper\">\n\t\t\t\t\t<a class=\"elementor-button elementor-button-link elementor-size-sm elementor-animation-float\" href=\"https:\/\/calendly.com\/oliver-financial-fit\/30min\" target=\"_blank\">\n\t\t\t\t\t\t<span class=\"elementor-button-content-wrapper\">\n\t\t\t\t\t\t\t\t\t<span class=\"elementor-button-text\">Buchen Sie heute Ihre kostenlose Beratung<\/span>\n\t\t\t\t\t<\/span>\n\t\t\t\t\t<\/a>\n\t\t\t\t<\/div>\n\t\t\t\t\t\t\t\t<\/div>\n\t\t\t\t<\/div>\n\t\t<div class=\"elementor-element elementor-element-583a67c e-con-full e-flex e-con e-child\" data-id=\"583a67c\" data-element_type=\"container\" data-settings=\"{&quot;background_background&quot;:&quot;classic&quot;}\">\n\t\t\t\t<div class=\"elementor-element elementor-element-dd1f1a4 elementor-widget elementor-widget-image\" data-id=\"dd1f1a4\" data-element_type=\"widget\" data-widget_type=\"image.default\">\n\t\t\t\t<div class=\"elementor-widget-container\">\n\t\t\t\t\t\t\t\t\t\t\t\t\t\t\t<img decoding=\"async\" width=\"256\" height=\"165\" src=\"https:\/\/www.financial-fit.de\/wp-content\/uploads\/2025\/02\/256px-Barmenia_logo.svg.png\" class=\"attachment-large size-large wp-image-9172\" alt=\"\" \/>\t\t\t\t\t\t\t\t\t\t\t\t\t\t\t<\/div>\n\t\t\t\t<\/div>\n\t\t\t\t<div class=\"elementor-element elementor-element-fd413de elementor-widget elementor-widget-button\" data-id=\"fd413de\" data-element_type=\"widget\" data-widget_type=\"button.default\">\n\t\t\t\t<div class=\"elementor-widget-container\">\n\t\t\t\t\t\t\t\t\t<div class=\"elementor-button-wrapper\">\n\t\t\t\t\t<a class=\"elementor-button elementor-button-link elementor-size-sm elementor-animation-bob\" href=\"https:\/\/ssl.barmenia.de\/online-versichern\/#\/zusatzversicherung\/Beitrag?app=makler&#038;ADM=00321143&#038;label=barmenia&#038;fob=MAK198280\" target=\"_blank\">\n\t\t\t\t\t\t<span class=\"elementor-button-content-wrapper\">\n\t\t\t\t\t\t\t\t\t<span class=\"elementor-button-text\">Jetzt Zahnversicherung abschlie\u00dfen<\/span>\n\t\t\t\t\t<\/span>\n\t\t\t\t\t<\/a>\n\t\t\t\t<\/div>\n\t\t\t\t\t\t\t\t<\/div>\n\t\t\t\t<\/div>\n\t\t\t\t<div class=\"elementor-element elementor-element-75be638 elementor-widget elementor-widget-text-editor\" data-id=\"75be638\" data-element_type=\"widget\" data-widget_type=\"text-editor.default\">\n\t\t\t\t<div class=\"elementor-widget-container\">\n\t\t\t\t\t\t\t\t\t<p>Nutzen Sie unseren Partnerlink f\u00fcr englischsprachigen Support von unserem vertrauensw\u00fcrdigen Partner<\/p>\t\t\t\t\t\t\t\t<\/div>\n\t\t\t\t<\/div>\n\t\t\t\t<\/div>\n\t\t\t\t<\/div>\n\t\t\t\t<div class=\"elementor-element elementor-element-71b48b5 elementor-button-align-start elementor-widget__width-initial elementor-mobile-button-align-stretch elementor-widget-tablet__width-inherit elementor-widget elementor-widget-form\" data-id=\"71b48b5\" data-element_type=\"widget\" data-settings=\"{&quot;step_next_label&quot;:&quot;N\\u00e4chste&quot;,&quot;step_previous_label&quot;:&quot;Vorherig&quot;,&quot;sticky&quot;:&quot;top&quot;,&quot;sticky_offset&quot;:40,&quot;sticky_parent&quot;:&quot;yes&quot;,&quot;sticky_effects_offset&quot;:40,&quot;sticky_anchor_link_offset&quot;:40,&quot;sticky_on&quot;:[&quot;desktop&quot;],&quot;button_width&quot;:&quot;100&quot;,&quot;step_type&quot;:&quot;number_text&quot;,&quot;step_icon_shape&quot;:&quot;circle&quot;}\" data-widget_type=\"form.default\">\n\t\t\t\t<div class=\"elementor-widget-container\">\n\t\t\t\t\t\t\t<form class=\"elementor-form\" method=\"post\" name=\"Formular f\u00fcr Zahnversicherung\" aria-label=\"Formular f\u00fcr Zahnversicherung\">\n\t\t\t<input type=\"hidden\" name=\"post_id\" value=\"9329\"\/>\n\t\t\t<input type=\"hidden\" name=\"form_id\" value=\"71b48b5\"\/>\n\t\t\t<input type=\"hidden\" name=\"referer_title\" value=\"Versicherungsmakler in Hamburg I Oliver Rinc\" \/>\n\n\t\t\t\n\t\t\t<div class=\"elementor-form-fields-wrapper elementor-labels-above\">\n\t\t\t\t\t\t\t\t<div class=\"elementor-field-type-text\">\n\t\t\t\t\t<input size=\"1\" type=\"text\" name=\"form_fields[honeypot]\" id=\"form-field-honeypot\" class=\"elementor-field elementor-size-sm \" style=\"display:none !important;\">\t\t\t\t<\/div>\n\t\t\t\t\t\t\t\t<div class=\"elementor-field-type-hidden elementor-field-group elementor-column elementor-field-group-source elementor-col-100\">\n\t\t\t\t\t\t\t\t\t\t\t\t\t<input size=\"1\" type=\"hidden\" name=\"form_fields[source]\" id=\"form-field-source\" class=\"elementor-field elementor-size-sm  elementor-field-textual\">\n\t\t\t\t\t\t\t\t\t\t\t<\/div>\n\t\t\t\t\t\t\t\t<div class=\"elementor-field-type-text elementor-field-group elementor-column elementor-field-group-name elementor-col-100 elementor-field-required\">\n\t\t\t\t\t\t\t\t\t\t\t\t<label for=\"form-field-name\" class=\"elementor-field-label\">\n\t\t\t\t\t\t\t\tVollst\u00e4ndiger Name\t\t\t\t\t\t\t<\/label>\n\t\t\t\t\t\t\t\t\t\t\t\t\t\t<input size=\"1\" type=\"text\" name=\"form_fields[name]\" id=\"form-field-name\" class=\"elementor-field elementor-size-sm  elementor-field-textual\" placeholder=\"z.B. Max Mustermann\" required=\"required\">\n\t\t\t\t\t\t\t\t\t\t\t<\/div>\n\t\t\t\t\t\t\t\t<div class=\"elementor-field-type-html elementor-field-group elementor-column elementor-field-group-field_45e2086 elementor-col-100\">\n\t\t\t\t\t<div class=\"elementor-field-type-email elementor-field-group elementor-column elementor-field-group-email elementor-col-100 elementor-field-required custom-fields\">\n\t<label for=\"form-field-phone\" class=\"elementor-field-label\">Telefon<\/label>\n\t<input size=\"1\" type=\"tel\" name=\"form_fields[phone]\" id=\"form-field-phone\" placeholder=\"z.B. 0123-4567890\" class=\"elementor-field elementor-size-sm  elementor-field-textual\" required=\"required\" aria-required=\"true\">\n<\/div>\t\t\t\t<\/div>\n\t\t\t\t\t\t\t\t<div class=\"elementor-field-type-email elementor-field-group elementor-column elementor-field-group-email elementor-col-100 elementor-field-required\">\n\t\t\t\t\t\t\t\t\t\t\t\t<label for=\"form-field-email\" class=\"elementor-field-label\">\n\t\t\t\t\t\t\t\tE-Mail\t\t\t\t\t\t\t<\/label>\n\t\t\t\t\t\t\t\t\t\t\t\t\t\t<input size=\"1\" type=\"email\" name=\"form_fields[email]\" id=\"form-field-email\" class=\"elementor-field elementor-size-sm  elementor-field-textual\" placeholder=\"z.B. max.mustermann@beispiel.de\" required=\"required\">\n\t\t\t\t\t\t\t\t\t\t\t<\/div>\n\t\t\t\t\t\t\t\t<div class=\"elementor-field-type-select elementor-field-group elementor-column elementor-field-group-selectOption elementor-col-100\">\n\t\t\t\t\t\t\t\t\t\t\t\t<label for=\"form-field-selectOption\" class=\"elementor-field-label\">\n\t\t\t\t\t\t\t\tWas ist Ihnen besonders wichtig?\t\t\t\t\t\t\t<\/label>\n\t\t\t\t\t\t\t\t<div class=\"elementor-field elementor-select-wrapper remove-before \">\n\t\t\t<div class=\"select-caret-down-wrapper\">\n\t\t\t\t<i aria-hidden=\"true\" class=\"eicon-caret-down\"><\/i>\t\t\t<\/div>\n\t\t\t<select name=\"form_fields[selectOption]\" id=\"form-field-selectOption\" class=\"elementor-field-textual elementor-size-sm\">\n\t\t\t\t\t\t\t\t\t<option value=\"Berufsrechtsschutz\">Berufsrechtsschutz<\/option>\n\t\t\t\t\t\t\t\t\t<option value=\"Verkehrsrechtsschutz\">Verkehrsrechtsschutz<\/option>\n\t\t\t\t\t\t\t\t\t<option value=\"Wohnrechtsschutz\">Wohnrechtsschutz<\/option>\n\t\t\t\t\t\t\t\t\t<option value=\"Familienrechtsschutz\">Familienrechtsschutz<\/option>\n\t\t\t\t\t\t\t<\/select>\n\t\t<\/div>\n\t\t\t\t\t\t<\/div>\n\t\t\t\t\t\t\t\t<div class=\"elementor-field-group elementor-column elementor-field-type-submit elementor-col-100 e-form__buttons\">\n\t\t\t\t\t<button class=\"elementor-button elementor-size-sm elementor-animation-float\" type=\"submit\">\n\t\t\t\t\t\t<span class=\"elementor-button-content-wrapper\">\n\t\t\t\t\t\t\t\t\t\t\t\t\t\t\t\t\t\t\t\t\t\t<span class=\"elementor-button-text\">Absenden f\u00fcr weitere Informationen<\/span>\n\t\t\t\t\t\t\t\t\t\t\t\t\t<\/span>\n\t\t\t\t\t<\/button>\n\t\t\t\t<\/div>\n\t\t\t<\/div>\n\t\t<\/form>\n\t\t\t\t\t\t<\/div>\n\t\t\t\t<\/div>\n\t\t\t\t\t<\/div>\n\t\t\t\t<\/div>\n\t\t\t\t<\/div>\n\t\t","protected":false},"excerpt":{"rendered":"<p>Rechtsschutzversicherung &#8211; Angebote besser als im Vergleichsportal Beginnen Sie heute f\u00fcr nur \u20ac3,19\/Monat Erweitern Sie Ihre gesetzliche Krankenversicherung um einen Zahnschutz, um ein sorgenfreies L\u00e4cheln zu gew\u00e4hrleisten. 100% Abdeckung f\u00fcr Zahnbehandlungen Professionelle Zahnreinigung ab dem ersten Versicherungstag inbegriffen Ausschlie\u00dflich vertrauensw\u00fcrdige Anbieter Buchen Sie selbst Buchen Sie heute Ihre kostenlose Beratung Jetzt Zahnversicherung abschlie\u00dfen Nutzen Sie [&hellip;]<\/p>\n","protected":false},"author":15,"featured_media":9208,"parent":9346,"menu_order":0,"comment_status":"closed","ping_status":"closed","template":"","meta":{"site-sidebar-layout":"no-sidebar","site-content-layout":"page-builder","ast-site-content-layout":"full-width-container","site-content-style":"default","site-sidebar-style":"default","ast-global-header-display":"","ast-banner-title-visibility":"","ast-main-header-display":"","ast-hfb-above-header-display":"","ast-hfb-below-header-display":"","ast-hfb-mobile-header-display":"","site-post-title":"disabled","ast-breadcrumbs-content":"","ast-featured-img":"disabled","footer-sml-layout":"","theme-transparent-header-meta":"","adv-header-id-meta":"","stick-header-meta":"","header-above-stick-meta":"","header-main-stick-meta":"","header-below-stick-meta":"","astra-migrate-meta-layouts":"default","ast-page-background-enabled":"default","ast-page-background-meta":{"desktop":{"background-color":"","background-image":"","background-repeat":"repeat","background-position":"center center","background-size":"auto","background-attachment":"scroll","background-type":"","background-media":"","overlay-type":"","overlay-color":"","overlay-opacity":"","overlay-gradient":""},"tablet":{"background-color":"","background-image":"","background-repeat":"repeat","background-position":"center center","background-size":"auto","background-attachment":"scroll","background-type":"","background-media":"","overlay-type":"","overlay-color":"","overlay-opacity":"","overlay-gradient":""},"mobile":{"background-color":"","background-image":"","background-repeat":"repeat","background-position":"center center","background-size":"auto","background-attachment":"scroll","background-type":"","background-media":"","overlay-type":"","overlay-color":"","overlay-opacity":"","overlay-gradient":""}},"ast-content-background-meta":{"desktop":{"background-color":"var(--ast-global-color-5)","background-image":"","background-repeat":"repeat","background-position":"center center","background-size":"auto","background-attachment":"scroll","background-type":"","background-media":"","overlay-type":"","overlay-color":"","overlay-opacity":"","overlay-gradient":""},"tablet":{"background-color":"var(--ast-global-color-5)","background-image":"","background-repeat":"repeat","background-position":"center center","background-size":"auto","background-attachment":"scroll","background-type":"","background-media":"","overlay-type":"","overlay-color":"","overlay-opacity":"","overlay-gradient":""},"mobile":{"background-color":"var(--ast-global-color-5)","background-image":"","background-repeat":"repeat","background-position":"center center","background-size":"auto","background-attachment":"scroll","background-type":"","background-media":"","overlay-type":"","overlay-color":"","overlay-opacity":"","overlay-gradient":""}},"footnotes":""},"class_list":["post-9329","page","type-page","status-publish","has-post-thumbnail","hentry"],"yoast_head":"<!-- This site is optimized with the Yoast SEO plugin v26.4 - https:\/\/yoast.com\/wordpress\/plugins\/seo\/ -->\n<title>Bezahlbare Zahnversicherung in Deutschland | financial fit<\/title>\n<meta name=\"description\" content=\"100% Zahnversicherung ab Tag 1. G\u00fcnstige Tarife ab \u20ac3,19\/Monat. Englischer Support f\u00fcr Expats in Deutschland.\" \/>\n<meta name=\"robots\" content=\"index, follow, max-snippet:-1, max-image-preview:large, max-video-preview:-1\" \/>\n<link rel=\"canonical\" href=\"https:\/\/www.financial-fit.de\/de\/produkte\/zahnversicherung\/\" \/>\n<meta property=\"og:locale\" content=\"de_DE\" \/>\n<meta property=\"og:type\" content=\"article\" \/>\n<meta property=\"og:title\" content=\"Bezahlbare Zahnversicherung in Deutschland | financial fit\" \/>\n<meta property=\"og:description\" content=\"100% Zahnversicherung ab Tag 1. G\u00fcnstige Tarife ab \u20ac3,19\/Monat. Englischer Support f\u00fcr Expats in Deutschland.\" \/>\n<meta property=\"og:url\" content=\"https:\/\/www.financial-fit.de\/de\/produkte\/zahnversicherung\/\" \/>\n<meta property=\"og:site_name\" content=\"Versicherungsmakler in Hamburg I Oliver Rinc\" \/>\n<meta property=\"article:modified_time\" content=\"2025-06-23T12:01:18+00:00\" \/>\n<meta property=\"og:image\" content=\"https:\/\/www.financial-fit.de\/wp-content\/uploads\/2025\/02\/pexels-shvetsa-3845810-scaled.jpg\" \/>\n\t<meta property=\"og:image:width\" content=\"2560\" \/>\n\t<meta property=\"og:image:height\" content=\"1707\" \/>\n\t<meta property=\"og:image:type\" content=\"image\/jpeg\" \/>\n<meta name=\"twitter:card\" content=\"summary_large_image\" \/>\n<script type=\"application\/ld+json\" class=\"yoast-schema-graph\">{\"@context\":\"https:\/\/schema.org\",\"@graph\":[{\"@type\":\"WebPage\",\"@id\":\"https:\/\/www.financial-fit.de\/de\/produkte\/zahnversicherung\/\",\"url\":\"https:\/\/www.financial-fit.de\/de\/produkte\/zahnversicherung\/\",\"name\":\"Bezahlbare Zahnversicherung in Deutschland | financial fit\",\"isPartOf\":{\"@id\":\"https:\/\/www.financial-fit.de\/de\/#website\"},\"primaryImageOfPage\":{\"@id\":\"https:\/\/www.financial-fit.de\/de\/produkte\/zahnversicherung\/#primaryimage\"},\"image\":{\"@id\":\"https:\/\/www.financial-fit.de\/de\/produkte\/zahnversicherung\/#primaryimage\"},\"thumbnailUrl\":\"https:\/\/www.financial-fit.de\/wp-content\/uploads\/2025\/02\/pexels-shvetsa-3845810-scaled.jpg\",\"datePublished\":\"2025-02-15T06:32:32+00:00\",\"dateModified\":\"2025-06-23T12:01:18+00:00\",\"description\":\"100% Zahnversicherung ab Tag 1. G\u00fcnstige Tarife ab \u20ac3,19\/Monat. Englischer Support f\u00fcr Expats in Deutschland.\",\"breadcrumb\":{\"@id\":\"https:\/\/www.financial-fit.de\/de\/produkte\/zahnversicherung\/#breadcrumb\"},\"inLanguage\":\"de\",\"potentialAction\":[{\"@type\":\"ReadAction\",\"target\":[\"https:\/\/www.financial-fit.de\/de\/produkte\/zahnversicherung\/\"]}]},{\"@type\":\"ImageObject\",\"inLanguage\":\"de\",\"@id\":\"https:\/\/www.financial-fit.de\/de\/produkte\/zahnversicherung\/#primaryimage\",\"url\":\"https:\/\/www.financial-fit.de\/wp-content\/uploads\/2025\/02\/pexels-shvetsa-3845810-scaled.jpg\",\"contentUrl\":\"https:\/\/www.financial-fit.de\/wp-content\/uploads\/2025\/02\/pexels-shvetsa-3845810-scaled.jpg\",\"width\":2560,\"height\":1707,\"caption\":\"Dentist and young male patient smiling during friendly dental checkup.\"},{\"@type\":\"BreadcrumbList\",\"@id\":\"https:\/\/www.financial-fit.de\/de\/produkte\/zahnversicherung\/#breadcrumb\",\"itemListElement\":[{\"@type\":\"ListItem\",\"position\":1,\"name\":\"Home\",\"item\":\"https:\/\/steelblue-termite-749601.hostingersite.com\/de\/\"},{\"@type\":\"ListItem\",\"position\":2,\"name\":\"Produkte\",\"item\":\"https:\/\/www.financial-fit.de\/de\/produkte\/\"},{\"@type\":\"ListItem\",\"position\":3,\"name\":\"Zahnversicherung\"}]},{\"@type\":\"WebSite\",\"@id\":\"https:\/\/www.financial-fit.de\/de\/#website\",\"url\":\"https:\/\/www.financial-fit.de\/de\/\",\"name\":\"Versicherungsmakler in Hamburg I Oliver Rinc\",\"description\":\"Dein Partner f\u00fcr Versicherungen aus Hamburg\",\"potentialAction\":[{\"@type\":\"SearchAction\",\"target\":{\"@type\":\"EntryPoint\",\"urlTemplate\":\"https:\/\/www.financial-fit.de\/de\/?s={search_term_string}\"},\"query-input\":{\"@type\":\"PropertyValueSpecification\",\"valueRequired\":true,\"valueName\":\"search_term_string\"}}],\"inLanguage\":\"de\"}]}<\/script>\n<!-- \/ Yoast SEO plugin. -->","yoast_head_json":{"title":"Bezahlbare Zahnversicherung in Deutschland | financial fit","description":"100% Zahnversicherung ab Tag 1. G\u00fcnstige Tarife ab \u20ac3,19\/Monat. Englischer Support f\u00fcr Expats in Deutschland.","robots":{"index":"index","follow":"follow","max-snippet":"max-snippet:-1","max-image-preview":"max-image-preview:large","max-video-preview":"max-video-preview:-1"},"canonical":"https:\/\/www.financial-fit.de\/de\/produkte\/zahnversicherung\/","og_locale":"de_DE","og_type":"article","og_title":"Bezahlbare Zahnversicherung in Deutschland | financial fit","og_description":"100% Zahnversicherung ab Tag 1. G\u00fcnstige Tarife ab \u20ac3,19\/Monat. Englischer Support f\u00fcr Expats in Deutschland.","og_url":"https:\/\/www.financial-fit.de\/de\/produkte\/zahnversicherung\/","og_site_name":"Versicherungsmakler in Hamburg I Oliver Rinc","article_modified_time":"2025-06-23T12:01:18+00:00","og_image":[{"width":2560,"height":1707,"url":"https:\/\/www.financial-fit.de\/wp-content\/uploads\/2025\/02\/pexels-shvetsa-3845810-scaled.jpg","type":"image\/jpeg"}],"twitter_card":"summary_large_image","schema":{"@context":"https:\/\/schema.org","@graph":[{"@type":"WebPage","@id":"https:\/\/www.financial-fit.de\/de\/produkte\/zahnversicherung\/","url":"https:\/\/www.financial-fit.de\/de\/produkte\/zahnversicherung\/","name":"Bezahlbare Zahnversicherung in Deutschland | financial fit","isPartOf":{"@id":"https:\/\/www.financial-fit.de\/de\/#website"},"primaryImageOfPage":{"@id":"https:\/\/www.financial-fit.de\/de\/produkte\/zahnversicherung\/#primaryimage"},"image":{"@id":"https:\/\/www.financial-fit.de\/de\/produkte\/zahnversicherung\/#primaryimage"},"thumbnailUrl":"https:\/\/www.financial-fit.de\/wp-content\/uploads\/2025\/02\/pexels-shvetsa-3845810-scaled.jpg","datePublished":"2025-02-15T06:32:32+00:00","dateModified":"2025-06-23T12:01:18+00:00","description":"100% Zahnversicherung ab Tag 1. G\u00fcnstige Tarife ab \u20ac3,19\/Monat. Englischer Support f\u00fcr Expats in Deutschland.","breadcrumb":{"@id":"https:\/\/www.financial-fit.de\/de\/produkte\/zahnversicherung\/#breadcrumb"},"inLanguage":"de","potentialAction":[{"@type":"ReadAction","target":["https:\/\/www.financial-fit.de\/de\/produkte\/zahnversicherung\/"]}]},{"@type":"ImageObject","inLanguage":"de","@id":"https:\/\/www.financial-fit.de\/de\/produkte\/zahnversicherung\/#primaryimage","url":"https:\/\/www.financial-fit.de\/wp-content\/uploads\/2025\/02\/pexels-shvetsa-3845810-scaled.jpg","contentUrl":"https:\/\/www.financial-fit.de\/wp-content\/uploads\/2025\/02\/pexels-shvetsa-3845810-scaled.jpg","width":2560,"height":1707,"caption":"Dentist and young male patient smiling during friendly dental checkup."},{"@type":"BreadcrumbList","@id":"https:\/\/www.financial-fit.de\/de\/produkte\/zahnversicherung\/#breadcrumb","itemListElement":[{"@type":"ListItem","position":1,"name":"Home","item":"https:\/\/steelblue-termite-749601.hostingersite.com\/de\/"},{"@type":"ListItem","position":2,"name":"Produkte","item":"https:\/\/www.financial-fit.de\/de\/produkte\/"},{"@type":"ListItem","position":3,"name":"Zahnversicherung"}]},{"@type":"WebSite","@id":"https:\/\/www.financial-fit.de\/de\/#website","url":"https:\/\/www.financial-fit.de\/de\/","name":"Versicherungsmakler in Hamburg I Oliver Rinc","description":"Dein Partner f\u00fcr Versicherungen aus Hamburg","potentialAction":[{"@type":"SearchAction","target":{"@type":"EntryPoint","urlTemplate":"https:\/\/www.financial-fit.de\/de\/?s={search_term_string}"},"query-input":{"@type":"PropertyValueSpecification","valueRequired":true,"valueName":"search_term_string"}}],"inLanguage":"de"}]}},"_links":{"self":[{"href":"https:\/\/www.financial-fit.de\/de\/wp-json\/wp\/v2\/pages\/9329","targetHints":{"allow":["GET"]}}],"collection":[{"href":"https:\/\/www.financial-fit.de\/de\/wp-json\/wp\/v2\/pages"}],"about":[{"href":"https:\/\/www.financial-fit.de\/de\/wp-json\/wp\/v2\/types\/page"}],"author":[{"embeddable":true,"href":"https:\/\/www.financial-fit.de\/de\/wp-json\/wp\/v2\/users\/15"}],"replies":[{"embeddable":true,"href":"https:\/\/www.financial-fit.de\/de\/wp-json\/wp\/v2\/comments?post=9329"}],"version-history":[{"count":1,"href":"https:\/\/www.financial-fit.de\/de\/wp-json\/wp\/v2\/pages\/9329\/revisions"}],"predecessor-version":[{"id":9330,"href":"https:\/\/www.financial-fit.de\/de\/wp-json\/wp\/v2\/pages\/9329\/revisions\/9330"}],"up":[{"embeddable":true,"href":"https:\/\/www.financial-fit.de\/de\/wp-json\/wp\/v2\/pages\/9346"}],"wp:featuredmedia":[{"embeddable":true,"href":"https:\/\/www.financial-fit.de\/de\/wp-json\/wp\/v2\/media\/9208"}],"wp:attachment":[{"href":"https:\/\/www.financial-fit.de\/de\/wp-json\/wp\/v2\/media?parent=9329"}],"curies":[{"name":"wp","href":"https:\/\/api.w.org\/{rel}","templated":true}]}}